{"id":621,"date":"2024-07-19T13:37:08","date_gmt":"2024-07-19T11:37:08","guid":{"rendered":"https:\/\/mibial.eu\/?post_type=product&#038;p=621"},"modified":"2024-12-10T07:26:20","modified_gmt":"2024-12-10T06:26:20","slug":"szaritott-nyulbor","status":"publish","type":"product","link":"https:\/\/mibial.eu\/en\/product\/dried-rabbit-skin\/","title":{"rendered":"Dried rabbit skin"},"content":{"rendered":"<p class=\"translation-block\">Complementary feed<br>\nDried rabbit skin (3rd category by-product)<\/p>","protected":false},"excerpt":{"rendered":"<p class=\"translation-block\">Complementary feed<br>\nDried rabbit skin (3rd category by-product)<\/p>","protected":false},"featured_media":929,"comment_status":"open","ping_status":"closed","template":"","meta":{"_acf_changed":false,"_et_pb_use_builder":"","_et_pb_old_content":"","_et_gb_content_width":""},"product_cat":[26],"product_tag":[],"class_list":{"0":"post-621","1":"product","2":"type-product","3":"status-publish","4":"has-post-thumbnail","6":"product_cat-szaritott-termekek","8":"first","9":"instock","10":"shipping-taxable","11":"purchasable","12":"product-type-variable"},"acf":[],"yoast_head":"<!-- This site is optimized with the Yoast SEO plugin v24.0 - https:\/\/yoast.com\/wordpress\/plugins\/seo\/ -->\n<title>Sz\u00e1r\u00edtott ny\u00falb\u0151r - Mibial<\/title>\n<meta name=\"robots\" content=\"index, follow, max-snippet:-1, max-image-preview:large, max-video-preview:-1\" \/>\n<link rel=\"canonical\" href=\"https:\/\/mibial.eu\/en\/product\/dried-rabbit-skin\/\" \/>\n<meta property=\"og:locale\" content=\"en_GB\" \/>\n<meta property=\"og:type\" content=\"article\" \/>\n<meta property=\"og:title\" content=\"Sz\u00e1r\u00edtott ny\u00falb\u0151r - Mibial\" \/>\n<meta property=\"og:description\" content=\"Kieg\u00e9sz\u00edt\u0151 eledel Sz\u00e1r\u00edtott ny\u00falb\u0151r (3. kateg\u00f3ri\u00e1s mell\u00e9kterm\u00e9k)\" \/>\n<meta property=\"og:url\" content=\"https:\/\/mibial.eu\/en\/product\/dried-rabbit-skin\/\" \/>\n<meta property=\"og:site_name\" content=\"Mibial\" \/>\n<meta property=\"article:modified_time\" content=\"2024-12-10T06:26:20+00:00\" \/>\n<meta property=\"og:image\" content=\"https:\/\/mibial.eu\/wp-content\/uploads\/2024\/07\/szaritott_nyulbor_szoros.jpg\" \/>\n\t<meta property=\"og:image:width\" content=\"800\" \/>\n\t<meta property=\"og:image:height\" content=\"538\" \/>\n\t<meta property=\"og:image:type\" content=\"image\/jpeg\" \/>\n<meta name=\"twitter:card\" content=\"summary_large_image\" \/>\n<script type=\"application\/ld+json\" class=\"yoast-schema-graph\">{\"@context\":\"https:\/\/schema.org\",\"@graph\":[{\"@type\":\"WebPage\",\"@id\":\"https:\/\/mibial.eu\/termek\/szaritott-nyulbor\/\",\"url\":\"https:\/\/mibial.eu\/termek\/szaritott-nyulbor\/\",\"name\":\"Sz\u00e1r\u00edtott ny\u00falb\u0151r - Mibial\",\"isPartOf\":{\"@id\":\"https:\/\/mibial.eu\/#website\"},\"primaryImageOfPage\":{\"@id\":\"https:\/\/mibial.eu\/termek\/szaritott-nyulbor\/#primaryimage\"},\"image\":{\"@id\":\"https:\/\/mibial.eu\/termek\/szaritott-nyulbor\/#primaryimage\"},\"thumbnailUrl\":\"https:\/\/mibial.eu\/wp-content\/uploads\/2024\/07\/szaritott_nyulbor_szoros.jpg\",\"datePublished\":\"2024-07-19T11:37:08+00:00\",\"dateModified\":\"2024-12-10T06:26:20+00:00\",\"breadcrumb\":{\"@id\":\"https:\/\/mibial.eu\/termek\/szaritott-nyulbor\/#breadcrumb\"},\"inLanguage\":\"en-GB\",\"potentialAction\":[{\"@type\":\"ReadAction\",\"target\":[\"https:\/\/mibial.eu\/termek\/szaritott-nyulbor\/\"]}]},{\"@type\":\"ImageObject\",\"inLanguage\":\"en-GB\",\"@id\":\"https:\/\/mibial.eu\/termek\/szaritott-nyulbor\/#primaryimage\",\"url\":\"https:\/\/mibial.eu\/wp-content\/uploads\/2024\/07\/szaritott_nyulbor_szoros.jpg\",\"contentUrl\":\"https:\/\/mibial.eu\/wp-content\/uploads\/2024\/07\/szaritott_nyulbor_szoros.jpg\",\"width\":800,\"height\":538},{\"@type\":\"BreadcrumbList\",\"@id\":\"https:\/\/mibial.eu\/termek\/szaritott-nyulbor\/#breadcrumb\",\"itemListElement\":[{\"@type\":\"ListItem\",\"position\":1,\"name\":\"Kezd\u0151lap\",\"item\":\"https:\/\/mibial.eu\/\"},{\"@type\":\"ListItem\",\"position\":2,\"name\":\"\u00dczlet\",\"item\":\"https:\/\/mibial.eu\/de\/uzlet\/\"},{\"@type\":\"ListItem\",\"position\":3,\"name\":\"Sz\u00e1r\u00edtott ny\u00falb\u0151r\"}]},{\"@type\":\"WebSite\",\"@id\":\"https:\/\/mibial.eu\/#website\",\"url\":\"https:\/\/mibial.eu\/\",\"name\":\"Mibial\",\"description\":\"A te BARF term\u00e9ked\",\"publisher\":{\"@id\":\"https:\/\/mibial.eu\/#organization\"},\"potentialAction\":[{\"@type\":\"SearchAction\",\"target\":{\"@type\":\"EntryPoint\",\"urlTemplate\":\"https:\/\/mibial.eu\/?s={search_term_string}\"},\"query-input\":{\"@type\":\"PropertyValueSpecification\",\"valueRequired\":true,\"valueName\":\"search_term_string\"}}],\"inLanguage\":\"en-GB\"},{\"@type\":\"Organization\",\"@id\":\"https:\/\/mibial.eu\/#organization\",\"name\":\"Mibial\",\"url\":\"https:\/\/mibial.eu\/\",\"logo\":{\"@type\":\"ImageObject\",\"inLanguage\":\"en-GB\",\"@id\":\"https:\/\/mibial.eu\/#\/schema\/logo\/image\/\",\"url\":\"https:\/\/mibial.eu\/wp-content\/uploads\/2024\/05\/logo_transparent.png\",\"contentUrl\":\"https:\/\/mibial.eu\/wp-content\/uploads\/2024\/05\/logo_transparent.png\",\"width\":726,\"height\":292,\"caption\":\"Mibial\"},\"image\":{\"@id\":\"https:\/\/mibial.eu\/#\/schema\/logo\/image\/\"}}]}<\/script>\n<!-- \/ Yoast SEO plugin. -->","yoast_head_json":{"title":"Sz\u00e1r\u00edtott ny\u00falb\u0151r - Mibial","robots":{"index":"index","follow":"follow","max-snippet":"max-snippet:-1","max-image-preview":"max-image-preview:large","max-video-preview":"max-video-preview:-1"},"canonical":"https:\/\/mibial.eu\/en\/product\/dried-rabbit-skin\/","og_locale":"en_GB","og_type":"article","og_title":"Sz\u00e1r\u00edtott ny\u00falb\u0151r - Mibial","og_description":"Kieg\u00e9sz\u00edt\u0151 eledel Sz\u00e1r\u00edtott ny\u00falb\u0151r (3. kateg\u00f3ri\u00e1s mell\u00e9kterm\u00e9k)","og_url":"https:\/\/mibial.eu\/en\/product\/dried-rabbit-skin\/","og_site_name":"Mibial","article_modified_time":"2024-12-10T06:26:20+00:00","og_image":[{"width":800,"height":538,"url":"https:\/\/mibial.eu\/wp-content\/uploads\/2024\/07\/szaritott_nyulbor_szoros.jpg","type":"image\/jpeg"}],"twitter_card":"summary_large_image","schema":{"@context":"https:\/\/schema.org","@graph":[{"@type":"WebPage","@id":"https:\/\/mibial.eu\/termek\/szaritott-nyulbor\/","url":"https:\/\/mibial.eu\/termek\/szaritott-nyulbor\/","name":"Sz\u00e1r\u00edtott ny\u00falb\u0151r - Mibial","isPartOf":{"@id":"https:\/\/mibial.eu\/#website"},"primaryImageOfPage":{"@id":"https:\/\/mibial.eu\/termek\/szaritott-nyulbor\/#primaryimage"},"image":{"@id":"https:\/\/mibial.eu\/termek\/szaritott-nyulbor\/#primaryimage"},"thumbnailUrl":"https:\/\/mibial.eu\/wp-content\/uploads\/2024\/07\/szaritott_nyulbor_szoros.jpg","datePublished":"2024-07-19T11:37:08+00:00","dateModified":"2024-12-10T06:26:20+00:00","breadcrumb":{"@id":"https:\/\/mibial.eu\/termek\/szaritott-nyulbor\/#breadcrumb"},"inLanguage":"en-GB","potentialAction":[{"@type":"ReadAction","target":["https:\/\/mibial.eu\/termek\/szaritott-nyulbor\/"]}]},{"@type":"ImageObject","inLanguage":"en-GB","@id":"https:\/\/mibial.eu\/termek\/szaritott-nyulbor\/#primaryimage","url":"https:\/\/mibial.eu\/wp-content\/uploads\/2024\/07\/szaritott_nyulbor_szoros.jpg","contentUrl":"https:\/\/mibial.eu\/wp-content\/uploads\/2024\/07\/szaritott_nyulbor_szoros.jpg","width":800,"height":538},{"@type":"BreadcrumbList","@id":"https:\/\/mibial.eu\/termek\/szaritott-nyulbor\/#breadcrumb","itemListElement":[{"@type":"ListItem","position":1,"name":"Kezd\u0151lap","item":"https:\/\/mibial.eu\/"},{"@type":"ListItem","position":2,"name":"\u00dczlet","item":"https:\/\/mibial.eu\/de\/uzlet\/"},{"@type":"ListItem","position":3,"name":"Sz\u00e1r\u00edtott ny\u00falb\u0151r"}]},{"@type":"WebSite","@id":"https:\/\/mibial.eu\/#website","url":"https:\/\/mibial.eu\/","name":"Mibial","description":"A te BARF term\u00e9ked","publisher":{"@id":"https:\/\/mibial.eu\/#organization"},"potentialAction":[{"@type":"SearchAction","target":{"@type":"EntryPoint","urlTemplate":"https:\/\/mibial.eu\/?s={search_term_string}"},"query-input":{"@type":"PropertyValueSpecification","valueRequired":true,"valueName":"search_term_string"}}],"inLanguage":"en-GB"},{"@type":"Organization","@id":"https:\/\/mibial.eu\/#organization","name":"Mibial","url":"https:\/\/mibial.eu\/","logo":{"@type":"ImageObject","inLanguage":"en-GB","@id":"https:\/\/mibial.eu\/#\/schema\/logo\/image\/","url":"https:\/\/mibial.eu\/wp-content\/uploads\/2024\/05\/logo_transparent.png","contentUrl":"https:\/\/mibial.eu\/wp-content\/uploads\/2024\/05\/logo_transparent.png","width":726,"height":292,"caption":"Mibial"},"image":{"@id":"https:\/\/mibial.eu\/#\/schema\/logo\/image\/"}}]}},"_links":{"self":[{"href":"https:\/\/mibial.eu\/en\/wp-json\/wp\/v2\/product\/621","targetHints":{"allow":["GET"]}}],"collection":[{"href":"https:\/\/mibial.eu\/en\/wp-json\/wp\/v2\/product"}],"about":[{"href":"https:\/\/mibial.eu\/en\/wp-json\/wp\/v2\/types\/product"}],"replies":[{"embeddable":true,"href":"https:\/\/mibial.eu\/en\/wp-json\/wp\/v2\/comments?post=621"}],"wp:featuredmedia":[{"embeddable":true,"href":"https:\/\/mibial.eu\/en\/wp-json\/wp\/v2\/media\/929"}],"wp:attachment":[{"href":"https:\/\/mibial.eu\/en\/wp-json\/wp\/v2\/media?parent=621"}],"wp:term":[{"taxonomy":"product_cat","embeddable":true,"href":"https:\/\/mibial.eu\/en\/wp-json\/wp\/v2\/product_cat?post=621"},{"taxonomy":"product_tag","embeddable":true,"href":"https:\/\/mibial.eu\/en\/wp-json\/wp\/v2\/product_tag?post=621"}],"curies":[{"name":"wp","href":"https:\/\/api.w.org\/{rel}","templated":true}]}}