{"id":545,"date":"2024-07-19T10:39:49","date_gmt":"2024-07-19T08:39:49","guid":{"rendered":"https:\/\/mibial.eu\/?post_type=product&#038;p=545"},"modified":"2024-12-02T14:11:27","modified_gmt":"2024-12-02T13:11:27","slug":"hyppoallergen-mix","status":"publish","type":"product","link":"https:\/\/mibial.eu\/en\/product\/hyppoallergenic-mix\/","title":{"rendered":"Hyppoallergen mix"},"content":{"rendered":"<p>Ingredients are minced (8mm), vacuumpacked<br \/>\nComplementary feed<\/p>","protected":false},"excerpt":{"rendered":"<p>Minced ingredients (8mm), frozen, cut into cubes Complementary feed<\/p>","protected":false},"featured_media":802,"comment_status":"open","ping_status":"closed","template":"","meta":{"_acf_changed":false,"_et_pb_use_builder":"on","_et_pb_old_content":"Dar\u00e1lt \u00f6sszetev\u0151k (8mm), fagyasztott, kock\u00e1kra v\u00e1gva\r\nKieg\u00e9sz\u00edt\u0151 takarm\u00e1ny","_et_gb_content_width":""},"product_cat":[27],"product_tag":[],"class_list":{"0":"post-545","1":"product","2":"type-product","3":"status-publish","4":"has-post-thumbnail","6":"product_cat-barf-termekek","8":"first","9":"instock","10":"shipping-taxable","11":"purchasable","12":"product-type-variable"},"acf":[],"yoast_head":"<!-- This site is optimized with the Yoast SEO plugin v24.0 - https:\/\/yoast.com\/wordpress\/plugins\/seo\/ -->\n<title>Hyppoallergen mix - Mibial<\/title>\n<meta name=\"robots\" content=\"index, follow, max-snippet:-1, max-image-preview:large, max-video-preview:-1\" \/>\n<link rel=\"canonical\" href=\"https:\/\/mibial.eu\/en\/product\/hyppoallergenic-mix\/\" \/>\n<meta property=\"og:locale\" content=\"en_GB\" \/>\n<meta property=\"og:type\" content=\"article\" \/>\n<meta property=\"og:title\" content=\"Hyppoallergen mix - Mibial\" \/>\n<meta property=\"og:description\" content=\"Dar\u00e1lt \u00f6sszetev\u0151k (8mm), fagyasztott, kock\u00e1kra v\u00e1gva Kieg\u00e9sz\u00edt\u0151 takarm\u00e1ny\" \/>\n<meta property=\"og:url\" content=\"https:\/\/mibial.eu\/en\/product\/hyppoallergenic-mix\/\" \/>\n<meta property=\"og:site_name\" content=\"Mibial\" \/>\n<meta property=\"article:modified_time\" content=\"2024-12-02T13:11:27+00:00\" \/>\n<meta property=\"og:image\" content=\"https:\/\/mibial.eu\/wp-content\/uploads\/2024\/07\/hyppo_opt_lighter.jpg\" \/>\n\t<meta property=\"og:image:width\" content=\"800\" \/>\n\t<meta property=\"og:image:height\" content=\"533\" \/>\n\t<meta property=\"og:image:type\" content=\"image\/jpeg\" \/>\n<meta name=\"twitter:card\" content=\"summary_large_image\" \/>\n<script type=\"application\/ld+json\" class=\"yoast-schema-graph\">{\"@context\":\"https:\/\/schema.org\",\"@graph\":[{\"@type\":\"WebPage\",\"@id\":\"https:\/\/mibial.eu\/termek\/hyppoallergen-mix\/\",\"url\":\"https:\/\/mibial.eu\/termek\/hyppoallergen-mix\/\",\"name\":\"Hyppoallergen mix - Mibial\",\"isPartOf\":{\"@id\":\"https:\/\/mibial.eu\/#website\"},\"primaryImageOfPage\":{\"@id\":\"https:\/\/mibial.eu\/termek\/hyppoallergen-mix\/#primaryimage\"},\"image\":{\"@id\":\"https:\/\/mibial.eu\/termek\/hyppoallergen-mix\/#primaryimage\"},\"thumbnailUrl\":\"https:\/\/mibial.eu\/wp-content\/uploads\/2024\/07\/hyppo_opt_lighter.jpg\",\"datePublished\":\"2024-07-19T08:39:49+00:00\",\"dateModified\":\"2024-12-02T13:11:27+00:00\",\"breadcrumb\":{\"@id\":\"https:\/\/mibial.eu\/termek\/hyppoallergen-mix\/#breadcrumb\"},\"inLanguage\":\"en-GB\",\"potentialAction\":[{\"@type\":\"ReadAction\",\"target\":[\"https:\/\/mibial.eu\/termek\/hyppoallergen-mix\/\"]}]},{\"@type\":\"ImageObject\",\"inLanguage\":\"en-GB\",\"@id\":\"https:\/\/mibial.eu\/termek\/hyppoallergen-mix\/#primaryimage\",\"url\":\"https:\/\/mibial.eu\/wp-content\/uploads\/2024\/07\/hyppo_opt_lighter.jpg\",\"contentUrl\":\"https:\/\/mibial.eu\/wp-content\/uploads\/2024\/07\/hyppo_opt_lighter.jpg\",\"width\":800,\"height\":533},{\"@type\":\"BreadcrumbList\",\"@id\":\"https:\/\/mibial.eu\/termek\/hyppoallergen-mix\/#breadcrumb\",\"itemListElement\":[{\"@type\":\"ListItem\",\"position\":1,\"name\":\"Kezd\u0151lap\",\"item\":\"https:\/\/mibial.eu\/\"},{\"@type\":\"ListItem\",\"position\":2,\"name\":\"\u00dczlet\",\"item\":\"https:\/\/mibial.eu\/de\/uzlet\/\"},{\"@type\":\"ListItem\",\"position\":3,\"name\":\"Hyppoallergen mix\"}]},{\"@type\":\"WebSite\",\"@id\":\"https:\/\/mibial.eu\/#website\",\"url\":\"https:\/\/mibial.eu\/\",\"name\":\"Mibial\",\"description\":\"A te BARF term\u00e9ked\",\"publisher\":{\"@id\":\"https:\/\/mibial.eu\/#organization\"},\"potentialAction\":[{\"@type\":\"SearchAction\",\"target\":{\"@type\":\"EntryPoint\",\"urlTemplate\":\"https:\/\/mibial.eu\/?s={search_term_string}\"},\"query-input\":{\"@type\":\"PropertyValueSpecification\",\"valueRequired\":true,\"valueName\":\"search_term_string\"}}],\"inLanguage\":\"en-GB\"},{\"@type\":\"Organization\",\"@id\":\"https:\/\/mibial.eu\/#organization\",\"name\":\"Mibial\",\"url\":\"https:\/\/mibial.eu\/\",\"logo\":{\"@type\":\"ImageObject\",\"inLanguage\":\"en-GB\",\"@id\":\"https:\/\/mibial.eu\/#\/schema\/logo\/image\/\",\"url\":\"https:\/\/mibial.eu\/wp-content\/uploads\/2024\/05\/logo_transparent.png\",\"contentUrl\":\"https:\/\/mibial.eu\/wp-content\/uploads\/2024\/05\/logo_transparent.png\",\"width\":726,\"height\":292,\"caption\":\"Mibial\"},\"image\":{\"@id\":\"https:\/\/mibial.eu\/#\/schema\/logo\/image\/\"}}]}<\/script>\n<!-- \/ Yoast SEO plugin. -->","yoast_head_json":{"title":"Hyppoallergen mix - Mibial","robots":{"index":"index","follow":"follow","max-snippet":"max-snippet:-1","max-image-preview":"max-image-preview:large","max-video-preview":"max-video-preview:-1"},"canonical":"https:\/\/mibial.eu\/en\/product\/hyppoallergenic-mix\/","og_locale":"en_GB","og_type":"article","og_title":"Hyppoallergen mix - Mibial","og_description":"Dar\u00e1lt \u00f6sszetev\u0151k (8mm), fagyasztott, kock\u00e1kra v\u00e1gva Kieg\u00e9sz\u00edt\u0151 takarm\u00e1ny","og_url":"https:\/\/mibial.eu\/en\/product\/hyppoallergenic-mix\/","og_site_name":"Mibial","article_modified_time":"2024-12-02T13:11:27+00:00","og_image":[{"width":800,"height":533,"url":"https:\/\/mibial.eu\/wp-content\/uploads\/2024\/07\/hyppo_opt_lighter.jpg","type":"image\/jpeg"}],"twitter_card":"summary_large_image","schema":{"@context":"https:\/\/schema.org","@graph":[{"@type":"WebPage","@id":"https:\/\/mibial.eu\/termek\/hyppoallergen-mix\/","url":"https:\/\/mibial.eu\/termek\/hyppoallergen-mix\/","name":"Hyppoallergen mix - Mibial","isPartOf":{"@id":"https:\/\/mibial.eu\/#website"},"primaryImageOfPage":{"@id":"https:\/\/mibial.eu\/termek\/hyppoallergen-mix\/#primaryimage"},"image":{"@id":"https:\/\/mibial.eu\/termek\/hyppoallergen-mix\/#primaryimage"},"thumbnailUrl":"https:\/\/mibial.eu\/wp-content\/uploads\/2024\/07\/hyppo_opt_lighter.jpg","datePublished":"2024-07-19T08:39:49+00:00","dateModified":"2024-12-02T13:11:27+00:00","breadcrumb":{"@id":"https:\/\/mibial.eu\/termek\/hyppoallergen-mix\/#breadcrumb"},"inLanguage":"en-GB","potentialAction":[{"@type":"ReadAction","target":["https:\/\/mibial.eu\/termek\/hyppoallergen-mix\/"]}]},{"@type":"ImageObject","inLanguage":"en-GB","@id":"https:\/\/mibial.eu\/termek\/hyppoallergen-mix\/#primaryimage","url":"https:\/\/mibial.eu\/wp-content\/uploads\/2024\/07\/hyppo_opt_lighter.jpg","contentUrl":"https:\/\/mibial.eu\/wp-content\/uploads\/2024\/07\/hyppo_opt_lighter.jpg","width":800,"height":533},{"@type":"BreadcrumbList","@id":"https:\/\/mibial.eu\/termek\/hyppoallergen-mix\/#breadcrumb","itemListElement":[{"@type":"ListItem","position":1,"name":"Kezd\u0151lap","item":"https:\/\/mibial.eu\/"},{"@type":"ListItem","position":2,"name":"\u00dczlet","item":"https:\/\/mibial.eu\/de\/uzlet\/"},{"@type":"ListItem","position":3,"name":"Hyppoallergen mix"}]},{"@type":"WebSite","@id":"https:\/\/mibial.eu\/#website","url":"https:\/\/mibial.eu\/","name":"Mibial","description":"A te BARF term\u00e9ked","publisher":{"@id":"https:\/\/mibial.eu\/#organization"},"potentialAction":[{"@type":"SearchAction","target":{"@type":"EntryPoint","urlTemplate":"https:\/\/mibial.eu\/?s={search_term_string}"},"query-input":{"@type":"PropertyValueSpecification","valueRequired":true,"valueName":"search_term_string"}}],"inLanguage":"en-GB"},{"@type":"Organization","@id":"https:\/\/mibial.eu\/#organization","name":"Mibial","url":"https:\/\/mibial.eu\/","logo":{"@type":"ImageObject","inLanguage":"en-GB","@id":"https:\/\/mibial.eu\/#\/schema\/logo\/image\/","url":"https:\/\/mibial.eu\/wp-content\/uploads\/2024\/05\/logo_transparent.png","contentUrl":"https:\/\/mibial.eu\/wp-content\/uploads\/2024\/05\/logo_transparent.png","width":726,"height":292,"caption":"Mibial"},"image":{"@id":"https:\/\/mibial.eu\/#\/schema\/logo\/image\/"}}]}},"_links":{"self":[{"href":"https:\/\/mibial.eu\/en\/wp-json\/wp\/v2\/product\/545","targetHints":{"allow":["GET"]}}],"collection":[{"href":"https:\/\/mibial.eu\/en\/wp-json\/wp\/v2\/product"}],"about":[{"href":"https:\/\/mibial.eu\/en\/wp-json\/wp\/v2\/types\/product"}],"replies":[{"embeddable":true,"href":"https:\/\/mibial.eu\/en\/wp-json\/wp\/v2\/comments?post=545"}],"wp:featuredmedia":[{"embeddable":true,"href":"https:\/\/mibial.eu\/en\/wp-json\/wp\/v2\/media\/802"}],"wp:attachment":[{"href":"https:\/\/mibial.eu\/en\/wp-json\/wp\/v2\/media?parent=545"}],"wp:term":[{"taxonomy":"product_cat","embeddable":true,"href":"https:\/\/mibial.eu\/en\/wp-json\/wp\/v2\/product_cat?post=545"},{"taxonomy":"product_tag","embeddable":true,"href":"https:\/\/mibial.eu\/en\/wp-json\/wp\/v2\/product_tag?post=545"}],"curies":[{"name":"wp","href":"https:\/\/api.w.org\/{rel}","templated":true}]}}