{"id":970,"date":"2024-12-11T09:24:24","date_gmt":"2024-12-11T08:24:24","guid":{"rendered":"https:\/\/mibial.eu\/?page_id=970"},"modified":"2024-12-11T09:54:04","modified_gmt":"2024-12-11T08:54:04","slug":"adatkezelesi-tajekoztato","status":"publish","type":"page","link":"https:\/\/mibial.eu\/en\/privacy-policy\/","title":{"rendered":"Privacy policy"},"content":{"rendered":"<p>[et_pb_section fb_built=&#8221;1&#8243; _builder_version=&#8221;4.27.0&#8243; _module_preset=&#8221;default&#8221; background_color=&#8221;#A0B569&#8243; custom_padding=&#8221;0px||0px||true|false&#8221; global_colors_info=&#8221;{}&#8221;][et_pb_row _builder_version=&#8221;4.27.0&#8243; _module_preset=&#8221;default&#8221; global_colors_info=&#8221;{}&#8221;][et_pb_column type=&#8221;4_4&#8243; _builder_version=&#8221;4.27.0&#8243; _module_preset=&#8221;default&#8221; global_colors_info=&#8221;{}&#8221;][et_pb_text _builder_version=&#8221;4.27.4&#8243; _dynamic_attributes=&#8221;content&#8221; _module_preset=&#8221;default&#8221; header_text_align=&#8221;center&#8221; header_text_color=&#8221;rgba(255,255,255,0.9)&#8221; header_font_size=&#8221;50px&#8221; global_colors_info=&#8221;{}&#8221;]@ET-DC@eyJkeW5hbWljIjp0cnVlLCJjb250ZW50IjoicG9zdF90aXRsZSIsInNldHRpbmdzIjp7ImJlZm9yZSI6IjxoMT4iLCJhZnRlciI6IjwvaDE+In19@[\/et_pb_text][\/et_pb_column][\/et_pb_row][\/et_pb_section][et_pb_section fb_built=&#8221;1&#8243; _builder_version=&#8221;4.27.4&#8243; _module_preset=&#8221;default&#8221; background_color=&#8221;rgba(255,255,255,0.07)&#8221; background_image=&#8221;https:\/\/mibial.eu\/wp-content\/uploads\/2024\/09\/contact-bg.jpg&#8221; background_blend=&#8221;overlay&#8221; custom_padding=&#8221;15em||15em||true|false&#8221; global_colors_info=&#8221;{}&#8221;][et_pb_row column_structure=&#8221;1_2,1_2&#8243; _builder_version=&#8221;4.27.4&#8243; _module_preset=&#8221;default&#8221; global_colors_info=&#8221;{}&#8221;][et_pb_column type=&#8221;1_2&#8243; _builder_version=&#8221;4.27.4&#8243; _module_preset=&#8221;default&#8221; global_colors_info=&#8221;{}&#8221;][\/et_pb_column][et_pb_column type=&#8221;1_2&#8243; _builder_version=&#8221;4.27.4&#8243; _module_preset=&#8221;default&#8221; global_colors_info=&#8221;{}&#8221;][et_pb_text _builder_version=&#8221;4.27.4&#8243; _module_preset=&#8221;default&#8221; header_2_text_align=&#8221;center&#8221; header_2_text_color=&#8221;rgba(255,255,255,0.72)&#8221; global_colors_info=&#8221;{}&#8221;]<\/p>\n<h2>Download privady policy<\/h2>\n<p>[\/et_pb_text][et_pb_button button_url=&#8221;https:\/\/mibial.eu\/wp-content\/uploads\/2024\/12\/adatkezelesi-tajekoztato-honlap.pdf&#8221; url_new_window=&#8221;on&#8221; button_text=&#8221;Let\u00f6lt\u00e9s&#8221; button_alignment=&#8221;center&#8221; _builder_version=&#8221;4.27.4&#8243; _module_preset=&#8221;default&#8221; hover_enabled=&#8221;0&#8243; global_colors_info=&#8221;{}&#8221; sticky_enabled=&#8221;0&#8243;][\/et_pb_button][\/et_pb_column][\/et_pb_row][\/et_pb_section]<\/p>","protected":false},"excerpt":{"rendered":"<p>Download privady policy<\/p>","protected":false},"author":1,"featured_media":0,"parent":0,"menu_order":0,"comment_status":"closed","ping_status":"closed","template":"","meta":{"_acf_changed":false,"_et_pb_use_builder":"on","_et_pb_old_content":"","_et_gb_content_width":"","footnotes":""},"class_list":["post-970","page","type-page","status-publish","hentry"],"acf":[],"yoast_head":"<!-- This site is optimized with the Yoast SEO plugin v24.0 - https:\/\/yoast.com\/wordpress\/plugins\/seo\/ -->\n<title>Adatkezel\u00e9si t\u00e1j\u00e9koztat\u00f3 - Mibial<\/title>\n<meta name=\"robots\" content=\"index, follow, max-snippet:-1, max-image-preview:large, max-video-preview:-1\" \/>\n<link rel=\"canonical\" href=\"https:\/\/mibial.eu\/en\/privacy-policy\/\" \/>\n<meta property=\"og:locale\" content=\"en_GB\" \/>\n<meta property=\"og:type\" content=\"article\" \/>\n<meta property=\"og:title\" content=\"Adatkezel\u00e9si t\u00e1j\u00e9koztat\u00f3 - Mibial\" \/>\n<meta property=\"og:description\" content=\"Adatkezel\u00e9si t\u00e1j\u00e9koztat\u00f3 let\u00f6lt\u00e9se\" \/>\n<meta property=\"og:url\" content=\"https:\/\/mibial.eu\/en\/privacy-policy\/\" \/>\n<meta property=\"og:site_name\" content=\"Mibial\" \/>\n<meta property=\"article:modified_time\" content=\"2024-12-11T08:54:04+00:00\" \/>\n<meta property=\"og:image\" content=\"https:\/\/mibial.eu\/wp-content\/uploads\/2024\/05\/logo_transparent.png\" \/>\n\t<meta property=\"og:image:width\" content=\"726\" \/>\n\t<meta property=\"og:image:height\" content=\"292\" \/>\n\t<meta property=\"og:image:type\" content=\"image\/png\" \/>\n<meta name=\"twitter:card\" content=\"summary_large_image\" \/>\n<script type=\"application\/ld+json\" class=\"yoast-schema-graph\">{\"@context\":\"https:\/\/schema.org\",\"@graph\":[{\"@type\":\"WebPage\",\"@id\":\"https:\/\/mibial.eu\/adatkezelesi-tajekoztato\/\",\"url\":\"https:\/\/mibial.eu\/adatkezelesi-tajekoztato\/\",\"name\":\"Adatkezel\u00e9si t\u00e1j\u00e9koztat\u00f3 - Mibial\",\"isPartOf\":{\"@id\":\"https:\/\/mibial.eu\/#website\"},\"datePublished\":\"2024-12-11T08:24:24+00:00\",\"dateModified\":\"2024-12-11T08:54:04+00:00\",\"breadcrumb\":{\"@id\":\"https:\/\/mibial.eu\/adatkezelesi-tajekoztato\/#breadcrumb\"},\"inLanguage\":\"en-GB\",\"potentialAction\":[{\"@type\":\"ReadAction\",\"target\":[\"https:\/\/mibial.eu\/adatkezelesi-tajekoztato\/\"]}]},{\"@type\":\"BreadcrumbList\",\"@id\":\"https:\/\/mibial.eu\/adatkezelesi-tajekoztato\/#breadcrumb\",\"itemListElement\":[{\"@type\":\"ListItem\",\"position\":1,\"name\":\"Kezd\u0151lap\",\"item\":\"https:\/\/mibial.eu\/\"},{\"@type\":\"ListItem\",\"position\":2,\"name\":\"Adatkezel\u00e9si t\u00e1j\u00e9koztat\u00f3\"}]},{\"@type\":\"WebSite\",\"@id\":\"https:\/\/mibial.eu\/#website\",\"url\":\"https:\/\/mibial.eu\/\",\"name\":\"Mibial\",\"description\":\"A te BARF term\u00e9ked\",\"publisher\":{\"@id\":\"https:\/\/mibial.eu\/#organization\"},\"potentialAction\":[{\"@type\":\"SearchAction\",\"target\":{\"@type\":\"EntryPoint\",\"urlTemplate\":\"https:\/\/mibial.eu\/?s={search_term_string}\"},\"query-input\":{\"@type\":\"PropertyValueSpecification\",\"valueRequired\":true,\"valueName\":\"search_term_string\"}}],\"inLanguage\":\"en-GB\"},{\"@type\":\"Organization\",\"@id\":\"https:\/\/mibial.eu\/#organization\",\"name\":\"Mibial\",\"url\":\"https:\/\/mibial.eu\/\",\"logo\":{\"@type\":\"ImageObject\",\"inLanguage\":\"en-GB\",\"@id\":\"https:\/\/mibial.eu\/#\/schema\/logo\/image\/\",\"url\":\"https:\/\/mibial.eu\/wp-content\/uploads\/2024\/05\/logo_transparent.png\",\"contentUrl\":\"https:\/\/mibial.eu\/wp-content\/uploads\/2024\/05\/logo_transparent.png\",\"width\":726,\"height\":292,\"caption\":\"Mibial\"},\"image\":{\"@id\":\"https:\/\/mibial.eu\/#\/schema\/logo\/image\/\"}}]}<\/script>\n<!-- \/ Yoast SEO plugin. -->","yoast_head_json":{"title":"Adatkezel\u00e9si t\u00e1j\u00e9koztat\u00f3 - Mibial","robots":{"index":"index","follow":"follow","max-snippet":"max-snippet:-1","max-image-preview":"max-image-preview:large","max-video-preview":"max-video-preview:-1"},"canonical":"https:\/\/mibial.eu\/en\/privacy-policy\/","og_locale":"en_GB","og_type":"article","og_title":"Adatkezel\u00e9si t\u00e1j\u00e9koztat\u00f3 - Mibial","og_description":"Adatkezel\u00e9si t\u00e1j\u00e9koztat\u00f3 let\u00f6lt\u00e9se","og_url":"https:\/\/mibial.eu\/en\/privacy-policy\/","og_site_name":"Mibial","article_modified_time":"2024-12-11T08:54:04+00:00","og_image":[{"width":726,"height":292,"url":"https:\/\/mibial.eu\/wp-content\/uploads\/2024\/05\/logo_transparent.png","type":"image\/png"}],"twitter_card":"summary_large_image","schema":{"@context":"https:\/\/schema.org","@graph":[{"@type":"WebPage","@id":"https:\/\/mibial.eu\/adatkezelesi-tajekoztato\/","url":"https:\/\/mibial.eu\/adatkezelesi-tajekoztato\/","name":"Adatkezel\u00e9si t\u00e1j\u00e9koztat\u00f3 - Mibial","isPartOf":{"@id":"https:\/\/mibial.eu\/#website"},"datePublished":"2024-12-11T08:24:24+00:00","dateModified":"2024-12-11T08:54:04+00:00","breadcrumb":{"@id":"https:\/\/mibial.eu\/adatkezelesi-tajekoztato\/#breadcrumb"},"inLanguage":"en-GB","potentialAction":[{"@type":"ReadAction","target":["https:\/\/mibial.eu\/adatkezelesi-tajekoztato\/"]}]},{"@type":"BreadcrumbList","@id":"https:\/\/mibial.eu\/adatkezelesi-tajekoztato\/#breadcrumb","itemListElement":[{"@type":"ListItem","position":1,"name":"Kezd\u0151lap","item":"https:\/\/mibial.eu\/"},{"@type":"ListItem","position":2,"name":"Adatkezel\u00e9si t\u00e1j\u00e9koztat\u00f3"}]},{"@type":"WebSite","@id":"https:\/\/mibial.eu\/#website","url":"https:\/\/mibial.eu\/","name":"Mibial","description":"A te BARF term\u00e9ked","publisher":{"@id":"https:\/\/mibial.eu\/#organization"},"potentialAction":[{"@type":"SearchAction","target":{"@type":"EntryPoint","urlTemplate":"https:\/\/mibial.eu\/?s={search_term_string}"},"query-input":{"@type":"PropertyValueSpecification","valueRequired":true,"valueName":"search_term_string"}}],"inLanguage":"en-GB"},{"@type":"Organization","@id":"https:\/\/mibial.eu\/#organization","name":"Mibial","url":"https:\/\/mibial.eu\/","logo":{"@type":"ImageObject","inLanguage":"en-GB","@id":"https:\/\/mibial.eu\/#\/schema\/logo\/image\/","url":"https:\/\/mibial.eu\/wp-content\/uploads\/2024\/05\/logo_transparent.png","contentUrl":"https:\/\/mibial.eu\/wp-content\/uploads\/2024\/05\/logo_transparent.png","width":726,"height":292,"caption":"Mibial"},"image":{"@id":"https:\/\/mibial.eu\/#\/schema\/logo\/image\/"}}]}},"_links":{"self":[{"href":"https:\/\/mibial.eu\/en\/wp-json\/wp\/v2\/pages\/970","targetHints":{"allow":["GET"]}}],"collection":[{"href":"https:\/\/mibial.eu\/en\/wp-json\/wp\/v2\/pages"}],"about":[{"href":"https:\/\/mibial.eu\/en\/wp-json\/wp\/v2\/types\/page"}],"author":[{"embeddable":true,"href":"https:\/\/mibial.eu\/en\/wp-json\/wp\/v2\/users\/1"}],"replies":[{"embeddable":true,"href":"https:\/\/mibial.eu\/en\/wp-json\/wp\/v2\/comments?post=970"}],"version-history":[{"count":5,"href":"https:\/\/mibial.eu\/en\/wp-json\/wp\/v2\/pages\/970\/revisions"}],"predecessor-version":[{"id":977,"href":"https:\/\/mibial.eu\/en\/wp-json\/wp\/v2\/pages\/970\/revisions\/977"}],"wp:attachment":[{"href":"https:\/\/mibial.eu\/en\/wp-json\/wp\/v2\/media?parent=970"}],"curies":[{"name":"wp","href":"https:\/\/api.w.org\/{rel}","templated":true}]}}