{"id":640,"date":"2024-07-19T15:31:01","date_gmt":"2024-07-19T13:31:01","guid":{"rendered":"https:\/\/mibial.eu\/?page_id=640"},"modified":"2024-12-12T09:21:37","modified_gmt":"2024-12-12T08:21:37","slug":"tanacsadas","status":"publish","type":"page","link":"https:\/\/mibial.eu\/en\/consultation\/","title":{"rendered":"Consultation"},"content":{"rendered":"[et_pb_section fb_built=&#8221;1&#8243; _builder_version=&#8221;4.27.0&#8243; _module_preset=&#8221;default&#8221; background_color=&#8221;#A0B569&#8243; custom_padding=&#8221;0px||0px||true|false&#8221; global_colors_info=&#8221;{}&#8221;][et_pb_row _builder_version=&#8221;4.27.0&#8243; _module_preset=&#8221;default&#8221; global_colors_info=&#8221;{}&#8221;][et_pb_column type=&#8221;4_4&#8243; _builder_version=&#8221;4.27.0&#8243; _module_preset=&#8221;default&#8221; global_colors_info=&#8221;{}&#8221;][et_pb_text _builder_version=&#8221;4.27.0&#8243; _module_preset=&#8221;default&#8221; header_text_align=&#8221;center&#8221; header_text_color=&#8221;rgba(255,255,255,0.9)&#8221; header_font_size=&#8221;50px&#8221; global_colors_info=&#8221;{}&#8221;]<h1>Consultation<\/h1>[\/et_pb_text][\/et_pb_column][\/et_pb_row][\/et_pb_section][et_pb_section fb_built=&#8221;1&#8243; _builder_version=&#8221;4.27.0&#8243; _module_preset=&#8221;default&#8221; custom_padding=&#8221;40px||0px||false|false&#8221; global_colors_info=&#8221;{}&#8221;][et_pb_row _builder_version=&#8221;4.27.0&#8243; _module_preset=&#8221;default&#8221; global_colors_info=&#8221;{}&#8221;][et_pb_column type=&#8221;4_4&#8243; _builder_version=&#8221;4.27.0&#8243; _module_preset=&#8221;default&#8221; global_colors_info=&#8221;{}&#8221;][et_pb_text _builder_version=&#8221;4.27.0&#8243; _module_preset=&#8221;default&#8221; custom_css_free_form=&#8221;selector img {||  width: 33%;||  margin-right: 30px;||}&#8221; global_colors_info=&#8221;{}&#8221;]<p><img loading=\"lazy\" decoding=\"async\" src=\"https:\/\/mibial.eu\/wp-content\/uploads\/2024\/07\/Hajnalka_opt-768x1024.jpg\" width=\"768\" height=\"1024\" alt=\"\" class=\"wp-image-643 alignleft size-large\" srcset=\"https:\/\/mibial.eu\/wp-content\/uploads\/2024\/07\/Hajnalka_opt-768x1024.jpg 768w, https:\/\/mibial.eu\/wp-content\/uploads\/2024\/07\/Hajnalka_opt-480x640.jpg 480w\" sizes=\"(min-width: 0px) and (max-width: 480px) 480px, (min-width: 481px) 768px, 100vw\" \/><\/p>\n<p>My name is Hajnalka Sajdik, I am an agricultural engineer and one of the owners of Pacsi BARF Pet Food Store. I graduated from G\u00f6d\u00f6ll\u0151 University of Agricultural Sciences (now Szent Istv\u00e1n University) in 2002, specializing in pig and small animal breeding and feed science. I took courses on the anatomy, physiology, health, and nutrition of dogs in cooperation with the University of Veterinary Medicine. I wrote my thesis on rabbit husbandry, and part of my research was conducted at Ol\u00edvia Kft.<\/p>\n<p>My passion for dogs began in my childhood. Previously, I met breeders who fed puppies with raw meat, cottage cheese, and eggs after weaning instead of commercial food, and they reported that the puppies were much healthier and stronger. In Hungary, commercial dog food became widespread in the 1990s; before that, dogs were fed natural foods.\u00a0<\/p>\n<p>I first encountered BARF feeding and the term BARF because of my dog Marcip\u00e1n. Marci had persistent diarrhea since he was a puppy. After the third course of antibiotics, it was discovered that he had giardiasis. He received the appropriate treatments and probiotics, but the previous antibiotic treatments had destroyed his gut flora, and he was not eating well. We couldn\u2019t find suitable commercial food that he liked, so I decided to create a proper diet for him. I tried to determine the nutritional needs of dogs, but I could not find adequate help from either literature or veterinarians. After extensive research, I finally found information in BARF literature that, combined with my previous knowledge, provided enough information. We switched to BARF feeding, and miraculously, Marci's digestive issues disappeared, and he finally started eating eagerly. His condition improved, his coat became shinier, and he became more energetic and happier.\u00a0<\/p>\n<p>In March 2019, we opened Kecskem\u00e9t's first store specializing in BARF feeding. Our goal is to introduce pet owners to this feeding method and provide them with knowledge to navigate the various feeding options and consciously choose the most suitable one for their dogs or cats.<\/p>\n<p>Dogs and cats belong to the order of Carnivora (carnivores), and their digestive systems are primarily adapted to process meat and animal-based diets. Their digestive tract is shorter, their stomachs are proportionally larger relative to their body weight, and their stomach acid is ten times stronger than that of humans. Dogs have slightly adapted to human food over millennia and can partially digest carbohydrates and starches, but cats are obligate carnivores.\u00a0<\/p>\n<p>In the past 60 years, commercial dog food has shortened the lifespan of dogs, leading to an increase in health problems, including obesity, allergies, cancer, and joint disorders. Many commercial foods contain large amounts of plant by-products and high-temperature processed, low-quality meat and bone meal, with high carbohydrate and starch content. As a result, pets do not receive adequate quality and quantity of nutrients, which either pass through their bodies undigested or cause problems. Based on the natural dietary needs of dogs and cats, the BARF diet returns to feeding raw meat and bones, preventing diseases and contributing to a long and healthy life.<\/p>[\/et_pb_text][et_pb_button button_url=&#8221;@ET-DC@eyJkeW5hbWljIjp0cnVlLCJjb250ZW50IjoicG9zdF9saW5rX3VybF9wYWdlIiwic2V0dGluZ3MiOnsicG9zdF9pZCI6IjUxMCJ9fQ==@&#8221; button_text=&#8221;Kapcsolat&#8221; button_alignment=&#8221;center&#8221; module_class=&#8221;mib_button_inline&#8221; _builder_version=&#8221;4.27.0&#8243; _dynamic_attributes=&#8221;button_url&#8221; _module_preset=&#8221;default&#8221; custom_button=&#8221;on&#8221; button_text_size=&#8221;14px&#8221; button_text_color=&#8221;#1F1E2D&#8221; button_bg_color=&#8221;#f5d822&#8243; button_border_width=&#8221;0px&#8221; button_border_radius=&#8221;25px&#8221; button_letter_spacing=&#8221;2px&#8221; button_font=&#8221;|700||on|||||&#8221; custom_padding=&#8221;1em|2em|1em|2em|true|true&#8221; custom_css_free_form=&#8221;selector {display: inline-block;}&#8221; global_colors_info=&#8221;{}&#8221; button_text_color__hover_enabled=&#8221;on|hover&#8221; button_text_color__hover=&#8221;#FFFFFF&#8221; button_bg_color__hover_enabled=&#8221;on|hover&#8221; button_bg_color__hover=&#8221;#1F1E2D&#8221; button_bg_enable_color__hover=&#8221;on&#8221;][\/et_pb_button][\/et_pb_column][\/et_pb_row][\/et_pb_section][et_pb_section fb_built=&#8221;1&#8243; _builder_version=&#8221;4.27.0&#8243; _module_preset=&#8221;default&#8221; custom_padding=&#8221;0px||||false|false&#8221; global_colors_info=&#8221;{}&#8221;][et_pb_row _builder_version=&#8221;4.27.0&#8243; _module_preset=&#8221;default&#8221; global_colors_info=&#8221;{}&#8221;][et_pb_column type=&#8221;4_4&#8243; _builder_version=&#8221;4.27.0&#8243; _module_preset=&#8221;default&#8221; global_colors_info=&#8221;{}&#8221;][et_pb_text _builder_version=&#8221;4.27.0&#8243; _module_preset=&#8221;default&#8221; header_2_text_align=&#8221;center&#8221; header_2_text_color=&#8221;#677564&#8243; header_2_font_size=&#8221;36px&#8221; global_colors_info=&#8221;{}&#8221;]<h2>Articles<\/h2>[\/et_pb_text][\/et_pb_column][\/et_pb_row][et_pb_row _builder_version=&#8221;4.27.0&#8243; _module_preset=&#8221;default&#8221; global_colors_info=&#8221;{}&#8221;][et_pb_column type=&#8221;4_4&#8243; _builder_version=&#8221;4.27.0&#8243; _module_preset=&#8221;default&#8221; global_colors_info=&#8221;{}&#8221;][et_pb_blog fullwidth=&#8221;off&#8221; include_categories=&#8221;42&#8243; show_thumbnail=&#8221;off&#8221; show_more=&#8221;on&#8221; show_author=&#8221;off&#8221; show_date=&#8221;off&#8221; show_categories=&#8221;off&#8221; _builder_version=&#8221;4.27.0&#8243; _module_preset=&#8221;default&#8221; read_more_font=&#8221;|700||on|||||&#8221; read_more_text_color=&#8221;#A0B569&#8243; hover_enabled=&#8221;0&#8243; global_colors_info=&#8221;{}&#8221; sticky_enabled=&#8221;0&#8243;][\/et_pb_blog][\/et_pb_column][\/et_pb_row][\/et_pb_section]","protected":false},"excerpt":{"rendered":"<p>Tan\u00e1csad\u00e1s Sajdik Hajnalka vagyok, agr\u00e1rm\u00e9rn\u00f6k \u00e9s a Pacsi BARF \u00c1llateledel bolt egyik tulajdonosa. 2002-ben v\u00e9geztem a G\u00f6d\u00f6ll\u0151i Agr\u00e1rtudom\u00e1nyi Egyetemen (ma Szent Istv\u00e1n Egyetem) sert\u00e9s- \u00e9s kis\u00e1llatteny\u00e9szt\u00e9s, \u00e9s takarm\u00e1nyoz\u00e1stan szakir\u00e1nyokon. A kutya anat\u00f3mi\u00e1j\u00e1r\u00f3l, \u00e9lettan\u00e1r\u00f3l, eg\u00e9szs\u00e9g\u00e9r\u0151l \u00e9s t\u00e1pl\u00e1lkoz\u00e1s\u00e1r\u00f3l az \u00c1llatorvostani Egyetemmel k\u00f6z\u00f6sen ind\u00edtott oktat\u00e1somon vettem r\u00e9szt. Diplomamunk\u00e1mat h\u00e1ziny\u00fal tart\u00e1stechnol\u00f3gi\u00e1b\u00f3l \u00edrtam, a vizsg\u00e1latok egy r\u00e9sz\u00e9t az Ol\u00edvia Kft-n\u00e9l [&hellip;]<\/p>","protected":false},"author":1,"featured_media":643,"parent":0,"menu_order":0,"comment_status":"closed","ping_status":"closed","template":"","meta":{"_acf_changed":false,"_et_pb_use_builder":"on","_et_pb_old_content":"","_et_gb_content_width":"","footnotes":""},"class_list":["post-640","page","type-page","status-publish","has-post-thumbnail","hentry"],"acf":[],"yoast_head":"<!-- This site is optimized with the Yoast SEO plugin v24.0 - https:\/\/yoast.com\/wordpress\/plugins\/seo\/ -->\n<title>Tan\u00e1csad\u00e1s - Mibial<\/title>\n<meta name=\"description\" content=\"Sajdik Hajnalka vagyok, agr\u00e1rm\u00e9rn\u00f6k \u00e9s a Pacsi BARF \u00c1llateledel bolt egyik tulajdonosa. 2002-ben v\u00e9geztem a G\u00f6d\u00f6ll\u0151i Agr\u00e1rtudom\u00e1nyi Egyetemen\" \/>\n<meta name=\"robots\" content=\"index, follow, max-snippet:-1, max-image-preview:large, max-video-preview:-1\" \/>\n<link rel=\"canonical\" href=\"https:\/\/mibial.eu\/en\/consultation\/\" \/>\n<meta property=\"og:locale\" content=\"en_GB\" \/>\n<meta property=\"og:type\" content=\"article\" \/>\n<meta property=\"og:title\" content=\"Tan\u00e1csad\u00e1s - Mibial\" \/>\n<meta property=\"og:description\" content=\"Sajdik Hajnalka vagyok, agr\u00e1rm\u00e9rn\u00f6k \u00e9s a Pacsi BARF \u00c1llateledel bolt egyik tulajdonosa. 2002-ben v\u00e9geztem a G\u00f6d\u00f6ll\u0151i Agr\u00e1rtudom\u00e1nyi Egyetemen\" \/>\n<meta property=\"og:url\" content=\"https:\/\/mibial.eu\/en\/consultation\/\" \/>\n<meta property=\"og:site_name\" content=\"Mibial\" \/>\n<meta property=\"article:modified_time\" content=\"2024-12-12T08:21:37+00:00\" \/>\n<meta property=\"og:image\" content=\"https:\/\/mibial.eu\/wp-content\/uploads\/2024\/07\/Hajnalka_opt.jpg\" \/>\n\t<meta property=\"og:image:width\" content=\"800\" \/>\n\t<meta property=\"og:image:height\" content=\"1067\" \/>\n\t<meta property=\"og:image:type\" content=\"image\/jpeg\" \/>\n<meta name=\"twitter:card\" content=\"summary_large_image\" \/>\n<meta name=\"twitter:label1\" content=\"Estimated reading time\" \/>\n\t<meta name=\"twitter:data1\" content=\"4 minutes\" \/>\n<script type=\"application\/ld+json\" class=\"yoast-schema-graph\">{\"@context\":\"https:\/\/schema.org\",\"@graph\":[{\"@type\":\"WebPage\",\"@id\":\"https:\/\/mibial.eu\/tanacsadas\/\",\"url\":\"https:\/\/mibial.eu\/tanacsadas\/\",\"name\":\"Tan\u00e1csad\u00e1s - Mibial\",\"isPartOf\":{\"@id\":\"https:\/\/mibial.eu\/#website\"},\"primaryImageOfPage\":{\"@id\":\"https:\/\/mibial.eu\/tanacsadas\/#primaryimage\"},\"image\":{\"@id\":\"https:\/\/mibial.eu\/tanacsadas\/#primaryimage\"},\"thumbnailUrl\":\"https:\/\/mibial.eu\/wp-content\/uploads\/2024\/07\/Hajnalka_opt.jpg\",\"datePublished\":\"2024-07-19T13:31:01+00:00\",\"dateModified\":\"2024-12-12T08:21:37+00:00\",\"description\":\"Sajdik Hajnalka vagyok, agr\u00e1rm\u00e9rn\u00f6k \u00e9s a Pacsi BARF \u00c1llateledel bolt egyik tulajdonosa. 2002-ben v\u00e9geztem a G\u00f6d\u00f6ll\u0151i Agr\u00e1rtudom\u00e1nyi Egyetemen\",\"breadcrumb\":{\"@id\":\"https:\/\/mibial.eu\/tanacsadas\/#breadcrumb\"},\"inLanguage\":\"en-GB\",\"potentialAction\":[{\"@type\":\"ReadAction\",\"target\":[\"https:\/\/mibial.eu\/tanacsadas\/\"]}]},{\"@type\":\"ImageObject\",\"inLanguage\":\"en-GB\",\"@id\":\"https:\/\/mibial.eu\/tanacsadas\/#primaryimage\",\"url\":\"https:\/\/mibial.eu\/wp-content\/uploads\/2024\/07\/Hajnalka_opt.jpg\",\"contentUrl\":\"https:\/\/mibial.eu\/wp-content\/uploads\/2024\/07\/Hajnalka_opt.jpg\",\"width\":800,\"height\":1067,\"caption\":\"Sajdik Hajnalka\"},{\"@type\":\"BreadcrumbList\",\"@id\":\"https:\/\/mibial.eu\/tanacsadas\/#breadcrumb\",\"itemListElement\":[{\"@type\":\"ListItem\",\"position\":1,\"name\":\"Kezd\u0151lap\",\"item\":\"https:\/\/mibial.eu\/\"},{\"@type\":\"ListItem\",\"position\":2,\"name\":\"Tan\u00e1csad\u00e1s\"}]},{\"@type\":\"WebSite\",\"@id\":\"https:\/\/mibial.eu\/#website\",\"url\":\"https:\/\/mibial.eu\/\",\"name\":\"Mibial\",\"description\":\"A te BARF term\u00e9ked\",\"publisher\":{\"@id\":\"https:\/\/mibial.eu\/#organization\"},\"potentialAction\":[{\"@type\":\"SearchAction\",\"target\":{\"@type\":\"EntryPoint\",\"urlTemplate\":\"https:\/\/mibial.eu\/?s={search_term_string}\"},\"query-input\":{\"@type\":\"PropertyValueSpecification\",\"valueRequired\":true,\"valueName\":\"search_term_string\"}}],\"inLanguage\":\"en-GB\"},{\"@type\":\"Organization\",\"@id\":\"https:\/\/mibial.eu\/#organization\",\"name\":\"Mibial\",\"url\":\"https:\/\/mibial.eu\/\",\"logo\":{\"@type\":\"ImageObject\",\"inLanguage\":\"en-GB\",\"@id\":\"https:\/\/mibial.eu\/#\/schema\/logo\/image\/\",\"url\":\"https:\/\/mibial.eu\/wp-content\/uploads\/2024\/05\/logo_transparent.png\",\"contentUrl\":\"https:\/\/mibial.eu\/wp-content\/uploads\/2024\/05\/logo_transparent.png\",\"width\":726,\"height\":292,\"caption\":\"Mibial\"},\"image\":{\"@id\":\"https:\/\/mibial.eu\/#\/schema\/logo\/image\/\"}}]}<\/script>\n<!-- \/ Yoast SEO plugin. -->","yoast_head_json":{"title":"Tan\u00e1csad\u00e1s - Mibial","description":"Sajdik Hajnalka vagyok, agr\u00e1rm\u00e9rn\u00f6k \u00e9s a Pacsi BARF \u00c1llateledel bolt egyik tulajdonosa. 2002-ben v\u00e9geztem a G\u00f6d\u00f6ll\u0151i Agr\u00e1rtudom\u00e1nyi Egyetemen","robots":{"index":"index","follow":"follow","max-snippet":"max-snippet:-1","max-image-preview":"max-image-preview:large","max-video-preview":"max-video-preview:-1"},"canonical":"https:\/\/mibial.eu\/en\/consultation\/","og_locale":"en_GB","og_type":"article","og_title":"Tan\u00e1csad\u00e1s - Mibial","og_description":"Sajdik Hajnalka vagyok, agr\u00e1rm\u00e9rn\u00f6k \u00e9s a Pacsi BARF \u00c1llateledel bolt egyik tulajdonosa. 2002-ben v\u00e9geztem a G\u00f6d\u00f6ll\u0151i Agr\u00e1rtudom\u00e1nyi Egyetemen","og_url":"https:\/\/mibial.eu\/en\/consultation\/","og_site_name":"Mibial","article_modified_time":"2024-12-12T08:21:37+00:00","og_image":[{"width":800,"height":1067,"url":"https:\/\/mibial.eu\/wp-content\/uploads\/2024\/07\/Hajnalka_opt.jpg","type":"image\/jpeg"}],"twitter_card":"summary_large_image","twitter_misc":{"Estimated reading time":"4 minutes"},"schema":{"@context":"https:\/\/schema.org","@graph":[{"@type":"WebPage","@id":"https:\/\/mibial.eu\/tanacsadas\/","url":"https:\/\/mibial.eu\/tanacsadas\/","name":"Tan\u00e1csad\u00e1s - Mibial","isPartOf":{"@id":"https:\/\/mibial.eu\/#website"},"primaryImageOfPage":{"@id":"https:\/\/mibial.eu\/tanacsadas\/#primaryimage"},"image":{"@id":"https:\/\/mibial.eu\/tanacsadas\/#primaryimage"},"thumbnailUrl":"https:\/\/mibial.eu\/wp-content\/uploads\/2024\/07\/Hajnalka_opt.jpg","datePublished":"2024-07-19T13:31:01+00:00","dateModified":"2024-12-12T08:21:37+00:00","description":"Sajdik Hajnalka vagyok, agr\u00e1rm\u00e9rn\u00f6k \u00e9s a Pacsi BARF \u00c1llateledel bolt egyik tulajdonosa. 2002-ben v\u00e9geztem a G\u00f6d\u00f6ll\u0151i Agr\u00e1rtudom\u00e1nyi Egyetemen","breadcrumb":{"@id":"https:\/\/mibial.eu\/tanacsadas\/#breadcrumb"},"inLanguage":"en-GB","potentialAction":[{"@type":"ReadAction","target":["https:\/\/mibial.eu\/tanacsadas\/"]}]},{"@type":"ImageObject","inLanguage":"en-GB","@id":"https:\/\/mibial.eu\/tanacsadas\/#primaryimage","url":"https:\/\/mibial.eu\/wp-content\/uploads\/2024\/07\/Hajnalka_opt.jpg","contentUrl":"https:\/\/mibial.eu\/wp-content\/uploads\/2024\/07\/Hajnalka_opt.jpg","width":800,"height":1067,"caption":"Sajdik Hajnalka"},{"@type":"BreadcrumbList","@id":"https:\/\/mibial.eu\/tanacsadas\/#breadcrumb","itemListElement":[{"@type":"ListItem","position":1,"name":"Kezd\u0151lap","item":"https:\/\/mibial.eu\/"},{"@type":"ListItem","position":2,"name":"Tan\u00e1csad\u00e1s"}]},{"@type":"WebSite","@id":"https:\/\/mibial.eu\/#website","url":"https:\/\/mibial.eu\/","name":"Mibial","description":"A te BARF term\u00e9ked","publisher":{"@id":"https:\/\/mibial.eu\/#organization"},"potentialAction":[{"@type":"SearchAction","target":{"@type":"EntryPoint","urlTemplate":"https:\/\/mibial.eu\/?s={search_term_string}"},"query-input":{"@type":"PropertyValueSpecification","valueRequired":true,"valueName":"search_term_string"}}],"inLanguage":"en-GB"},{"@type":"Organization","@id":"https:\/\/mibial.eu\/#organization","name":"Mibial","url":"https:\/\/mibial.eu\/","logo":{"@type":"ImageObject","inLanguage":"en-GB","@id":"https:\/\/mibial.eu\/#\/schema\/logo\/image\/","url":"https:\/\/mibial.eu\/wp-content\/uploads\/2024\/05\/logo_transparent.png","contentUrl":"https:\/\/mibial.eu\/wp-content\/uploads\/2024\/05\/logo_transparent.png","width":726,"height":292,"caption":"Mibial"},"image":{"@id":"https:\/\/mibial.eu\/#\/schema\/logo\/image\/"}}]}},"_links":{"self":[{"href":"https:\/\/mibial.eu\/en\/wp-json\/wp\/v2\/pages\/640","targetHints":{"allow":["GET"]}}],"collection":[{"href":"https:\/\/mibial.eu\/en\/wp-json\/wp\/v2\/pages"}],"about":[{"href":"https:\/\/mibial.eu\/en\/wp-json\/wp\/v2\/types\/page"}],"author":[{"embeddable":true,"href":"https:\/\/mibial.eu\/en\/wp-json\/wp\/v2\/users\/1"}],"replies":[{"embeddable":true,"href":"https:\/\/mibial.eu\/en\/wp-json\/wp\/v2\/comments?post=640"}],"version-history":[{"count":11,"href":"https:\/\/mibial.eu\/en\/wp-json\/wp\/v2\/pages\/640\/revisions"}],"predecessor-version":[{"id":1000,"href":"https:\/\/mibial.eu\/en\/wp-json\/wp\/v2\/pages\/640\/revisions\/1000"}],"wp:featuredmedia":[{"embeddable":true,"href":"https:\/\/mibial.eu\/en\/wp-json\/wp\/v2\/media\/643"}],"wp:attachment":[{"href":"https:\/\/mibial.eu\/en\/wp-json\/wp\/v2\/media?parent=640"}],"curies":[{"name":"wp","href":"https:\/\/api.w.org\/{rel}","templated":true}]}}